{"id":2,"date":"2025-09-24T13:49:26","date_gmt":"2025-09-24T10:49:26","guid":{"rendered":"http:\/\/spiritsportsclub.com.tr\/?page_id=2"},"modified":"2025-09-24T15:18:01","modified_gmt":"2025-09-24T12:18:01","slug":"ornek-sayfa","status":"publish","type":"page","link":"https:\/\/spiritsportsclub.com.tr\/","title":{"rendered":"\ud83c\udfcb\ufe0f Spirit Sports Club\u2019a Ho\u015f Geldiniz! \ud83e\udd4a"},"content":{"rendered":"<div class=\"n2-section-smartslider fitvidsignore  n2_clear\" data-ssid=\"2\"><div id=\"n2-ss-2-align\" class=\"n2-ss-align\"><div class=\"n2-padding\"><div id=\"n2-ss-2\" data-creator=\"Smart Slider 3\" data-responsive=\"auto\" class=\"n2-ss-slider n2-ow n2-has-hover n2notransition  \"><div class=\"n2-ss-slider-wrapper-inside\">\n        <div class=\"n2-ss-slider-1 n2_ss__touch_element n2-ow\">\n            <div class=\"n2-ss-slider-2 n2-ow\">\n                                                <div class=\"n2-ss-slider-3 n2-ow\">\n\n                    <div class=\"n2-ss-slide-backgrounds n2-ow-all\"><div class=\"n2-ss-slide-background\" data-public-id=\"1\" data-mode=\"fill\"><div class=\"n2-ss-slide-background-image\" data-blur=\"0\" data-opacity=\"100\" data-x=\"50\" data-y=\"50\" data-alt=\"\" data-title=\"\"><picture class=\"skip-lazy\" data-skip-lazy=\"1\"><img decoding=\"async\" src=\"\/\/spiritsportsclub.com.tr\/wp-content\/uploads\/2025\/09\/205363374_201815251949372_2889759627498574214_n-1.jpg\" alt=\"\" title=\"\" loading=\"lazy\" class=\"skip-lazy\" data-skip-lazy=\"1\"><\/picture><\/div><div data-color=\"RGBA(255,255,255,0)\" style=\"background-color: RGBA(255,255,255,0);\" class=\"n2-ss-slide-background-color\"><\/div><\/div><div class=\"n2-ss-slide-background\" data-public-id=\"2\" data-mode=\"fill\"><div class=\"n2-ss-slide-background-image\" data-blur=\"0\" data-opacity=\"100\" data-x=\"50\" data-y=\"50\" data-alt=\"\" data-title=\"\"><picture class=\"skip-lazy\" data-skip-lazy=\"1\"><img decoding=\"async\" src=\"\/\/spiritsportsclub.com.tr\/wp-content\/uploads\/2025\/09\/494771435_1258186006312286_883455121589477682_n.jpg\" alt=\"\" title=\"\" loading=\"lazy\" class=\"skip-lazy\" data-skip-lazy=\"1\"><\/picture><\/div><div data-color=\"RGBA(255,255,255,0)\" style=\"background-color: RGBA(255,255,255,0);\" class=\"n2-ss-slide-background-color\"><\/div><\/div><div class=\"n2-ss-slide-background\" data-public-id=\"3\" data-mode=\"fill\"><div class=\"n2-ss-slide-background-image\" data-blur=\"0\" data-opacity=\"100\" data-x=\"50\" data-y=\"50\" data-alt=\"\" data-title=\"\"><picture class=\"skip-lazy\" data-skip-lazy=\"1\"><img decoding=\"async\" src=\"\/\/spiritsportsclub.com.tr\/wp-content\/uploads\/2025\/09\/451816094_18318911278150755_6568485788411134047_n.jpg\" alt=\"\" title=\"\" loading=\"lazy\" class=\"skip-lazy\" data-skip-lazy=\"1\"><\/picture><\/div><div data-color=\"RGBA(255,255,255,0)\" style=\"background-color: RGBA(255,255,255,0);\" class=\"n2-ss-slide-background-color\"><\/div><\/div><div class=\"n2-ss-slide-background\" data-public-id=\"4\" data-mode=\"fill\"><div class=\"n2-ss-slide-background-image\" data-blur=\"0\" data-opacity=\"100\" data-x=\"50\" data-y=\"50\" data-alt=\"\" data-title=\"\"><picture class=\"skip-lazy\" data-skip-lazy=\"1\"><img decoding=\"async\" src=\"\/\/spiritsportsclub.com.tr\/wp-content\/uploads\/2025\/09\/494376966_1258172549646965_8579975798103932551_n.jpg\" alt=\"\" title=\"\" loading=\"lazy\" class=\"skip-lazy\" data-skip-lazy=\"1\"><\/picture><\/div><div data-color=\"RGBA(255,255,255,0)\" style=\"background-color: RGBA(255,255,255,0);\" class=\"n2-ss-slide-background-color\"><\/div><\/div><div class=\"n2-ss-slide-background\" data-public-id=\"5\" data-mode=\"fill\"><div class=\"n2-ss-slide-background-image\" data-blur=\"0\" data-opacity=\"100\" data-x=\"50\" data-y=\"50\" data-alt=\"\" data-title=\"\"><picture class=\"skip-lazy\" data-skip-lazy=\"1\"><img decoding=\"async\" src=\"\/\/spiritsportsclub.com.tr\/wp-content\/uploads\/2025\/09\/494219099_1258947669569453_9222868342125099680_n.jpg\" alt=\"\" title=\"\" loading=\"lazy\" class=\"skip-lazy\" data-skip-lazy=\"1\"><\/picture><\/div><div data-color=\"RGBA(255,255,255,0)\" style=\"background-color: RGBA(255,255,255,0);\" class=\"n2-ss-slide-background-color\"><\/div><\/div><\/div>                    <div class=\"n2-ss-slider-4 n2-ow\">\n                        <svg xmlns=\"http:\/\/www.w3.org\/2000\/svg\" viewBox=\"0 0 1000 750\" data-related-device=\"desktopPortrait\" class=\"n2-ow n2-ss-preserve-size n2-ss-preserve-size--slider n2-ss-slide-limiter\"><\/svg><div data-first=\"1\" data-slide-duration=\"0\" data-id=\"3\" data-slide-public-id=\"1\" data-title=\"205363374_201815251949372_2889759627498574214_n\" class=\"n2-ss-slide n2-ow  n2-ss-slide-3\"><div role=\"note\" class=\"n2-ss-slide--focus\" tabindex=\"-1\">205363374_201815251949372_2889759627498574214_n<\/div><div class=\"n2-ss-layers-container n2-ss-slide-limiter n2-ow\"><div class=\"n2-ss-layer n2-ow n-uc-Crbvb2q0wdny\" data-sstype=\"slide\" data-pm=\"default\"><\/div><\/div><\/div><div data-slide-duration=\"0\" data-id=\"4\" data-slide-public-id=\"2\" data-title=\"494771435_1258186006312286_883455121589477682_n\" class=\"n2-ss-slide n2-ow  n2-ss-slide-4\"><div role=\"note\" class=\"n2-ss-slide--focus\" tabindex=\"-1\">494771435_1258186006312286_883455121589477682_n<\/div><div class=\"n2-ss-layers-container n2-ss-slide-limiter n2-ow\"><div class=\"n2-ss-layer n2-ow n-uc-xihO5OS8nocn\" data-sstype=\"slide\" data-pm=\"default\"><\/div><\/div><\/div><div data-slide-duration=\"0\" data-id=\"12\" data-slide-public-id=\"3\" data-title=\"451816094_18318911278150755_6568485788411134047_n\" class=\"n2-ss-slide n2-ow  n2-ss-slide-12\"><div role=\"note\" class=\"n2-ss-slide--focus\" tabindex=\"-1\">451816094_18318911278150755_6568485788411134047_n<\/div><div class=\"n2-ss-layers-container n2-ss-slide-limiter n2-ow\"><div class=\"n2-ss-layer n2-ow n-uc-pXX1H2JRTFS2\" data-sstype=\"slide\" data-pm=\"default\"><\/div><\/div><\/div><div data-slide-duration=\"0\" data-id=\"5\" data-slide-public-id=\"4\" data-title=\"494376966_1258172549646965_8579975798103932551_n\" class=\"n2-ss-slide n2-ow  n2-ss-slide-5\"><div role=\"note\" class=\"n2-ss-slide--focus\" tabindex=\"-1\">494376966_1258172549646965_8579975798103932551_n<\/div><div class=\"n2-ss-layers-container n2-ss-slide-limiter n2-ow\"><div class=\"n2-ss-layer n2-ow n-uc-QOoJ2ai5erVE\" data-sstype=\"slide\" data-pm=\"default\"><\/div><\/div><\/div><div data-slide-duration=\"0\" data-id=\"6\" data-slide-public-id=\"5\" data-title=\"494219099_1258947669569453_9222868342125099680_n\" class=\"n2-ss-slide n2-ow  n2-ss-slide-6\"><div role=\"note\" class=\"n2-ss-slide--focus\" tabindex=\"-1\">494219099_1258947669569453_9222868342125099680_n<\/div><div class=\"n2-ss-layers-container n2-ss-slide-limiter n2-ow\"><div class=\"n2-ss-layer n2-ow n-uc-r2DIpGVRQfjo\" data-sstype=\"slide\" data-pm=\"default\"><\/div><\/div><\/div>                    <\/div>\n\n                                    <\/div>\n            <\/div>\n        <\/div>\n        <div class=\"n2-ss-slider-controls n2-ss-slider-controls-absolute-left-center\"><div style=\"--widget-offset:15px;\" class=\"n2-ss-widget nextend-arrow n2-ow-all nextend-arrow-previous  nextend-arrow-animated-fade\" data-hide-mobileportrait=\"1\" id=\"n2-ss-2-arrow-previous\" role=\"button\" aria-label=\"previous arrow\" tabindex=\"0\"><img loading=\"lazy\" decoding=\"async\" width=\"32\" height=\"32\" class=\"skip-lazy\" data-skip-lazy=\"1\" src=\"data:image\/svg+xml;base64,PHN2ZyB3aWR0aD0iMzIiIGhlaWdodD0iMzIiIHZpZXdCb3g9IjAgMCAzMiAzMiIgeG1sbnM9Imh0dHA6Ly93d3cudzMub3JnLzIwMDAvc3ZnIj4KICAgIDxwYXRoIGQ9Ik0xMS40MzMgMTUuOTkyTDIyLjY5IDUuNzEyYy4zOTMtLjM5LjM5My0xLjAzIDAtMS40Mi0uMzkzLS4zOS0xLjAzLS4zOS0xLjQyMyAwbC0xMS45OCAxMC45NGMtLjIxLjIxLS4zLjQ5LS4yODUuNzYtLjAxNS4yOC4wNzUuNTYuMjg0Ljc3bDExLjk4IDEwLjk0Yy4zOTMuMzkgMS4wMy4zOSAxLjQyNCAwIC4zOTMtLjQuMzkzLTEuMDMgMC0xLjQybC0xMS4yNTctMTAuMjkiCiAgICAgICAgICBmaWxsPSIjZmZmZmZmIiBvcGFjaXR5PSIwLjgiIGZpbGwtcnVsZT0iZXZlbm9kZCIvPgo8L3N2Zz4=\" alt=\"previous arrow\"><\/div><\/div><div class=\"n2-ss-slider-controls n2-ss-slider-controls-absolute-right-center\"><div style=\"--widget-offset:15px;\" class=\"n2-ss-widget nextend-arrow n2-ow-all nextend-arrow-next  nextend-arrow-animated-fade\" data-hide-mobileportrait=\"1\" id=\"n2-ss-2-arrow-next\" role=\"button\" aria-label=\"next arrow\" tabindex=\"0\"><img loading=\"lazy\" decoding=\"async\" width=\"32\" height=\"32\" class=\"skip-lazy\" data-skip-lazy=\"1\" src=\"data:image\/svg+xml;base64,PHN2ZyB3aWR0aD0iMzIiIGhlaWdodD0iMzIiIHZpZXdCb3g9IjAgMCAzMiAzMiIgeG1sbnM9Imh0dHA6Ly93d3cudzMub3JnLzIwMDAvc3ZnIj4KICAgIDxwYXRoIGQ9Ik0xMC43MjIgNC4yOTNjLS4zOTQtLjM5LTEuMDMyLS4zOS0xLjQyNyAwLS4zOTMuMzktLjM5MyAxLjAzIDAgMS40MmwxMS4yODMgMTAuMjgtMTEuMjgzIDEwLjI5Yy0uMzkzLjM5LS4zOTMgMS4wMiAwIDEuNDIuMzk1LjM5IDEuMDMzLjM5IDEuNDI3IDBsMTIuMDA3LTEwLjk0Yy4yMS0uMjEuMy0uNDkuMjg0LS43Ny4wMTQtLjI3LS4wNzYtLjU1LS4yODYtLjc2TDEwLjcyIDQuMjkzeiIKICAgICAgICAgIGZpbGw9IiNmZmZmZmYiIG9wYWNpdHk9IjAuOCIgZmlsbC1ydWxlPSJldmVub2RkIi8+Cjwvc3ZnPg==\" alt=\"next arrow\"><\/div><\/div><\/div><\/div><ss3-loader><\/ss3-loader><\/div><\/div><div class=\"n2_clear\"><\/div><\/div>\n\n\n<p style=\"font-size:30px\">G\u00fcc\u00fcn\u00fcz\u00fc ortaya \u00e7\u0131karmaya, s\u0131n\u0131rlar\u0131n\u0131z\u0131 zorlamaya ve en iyi versiyonunuzu ke\u015ffetmeye haz\u0131r m\u0131s\u0131n\u0131z?<\/p>\n\n\n\n<p style=\"font-size:30px\">Spirit Sports Club olarak sadece bir spor salonu de\u011fil, ayn\u0131 zamanda disiplinin, dayan\u0131kl\u0131l\u0131\u011f\u0131n ve motivasyonun adresiyiz. \u0130ster formda kalmak i\u00e7in fitness, ister d\u00f6v\u00fc\u015f sanatlar\u0131n\u0131n ruhunu ya\u015famak i\u00e7in Muay Thai\u2026 Burada size en uygun program\u0131 bulacaks\u0131n\u0131z.<\/p>\n\n\n\n<p style=\"font-size:30px\">\ud83c\udfcb\ufe0f <strong>Fitness ile G\u00fcc\u00fcn\u00fc Ke\u015ffet:<\/strong> Modern ekipmanlar\u0131m\u0131z ve uzman antren\u00f6rlerimizle, sa\u011fl\u0131kl\u0131 ve fit bir ya\u015fam i\u00e7in ihtiyac\u0131n\u0131z olan her \u015fey yan\u0131n\u0131zda.<\/p>\n\n\n\n<p style=\"font-size:30px\">\ud83e\udd4a <strong>Muay Thai ile Sava\u015f\u00e7\u0131 Ruhunu Ortaya \u00c7\u0131kar:<\/strong> Geleneksel tekniklerle g\u00fc\u00e7len, h\u0131zlan ve \u00f6zg\u00fcvenini zirveye ta\u015f\u0131.<\/p>\n\n\n\n<p style=\"font-size:30px\">Spirit Sports Club\u2019ta her antrenman, sadece fiziksel de\u011fil, mental bir d\u00f6n\u00fc\u015f\u00fcm\u00fcn de ba\u015flang\u0131c\u0131d\u0131r. \u00c7\u00fcnk\u00fc biz inan\u0131yoruz ki <strong>\u201cG\u00fc\u00e7 bedeninde ba\u015flar, ruhunda \u015fekillenir.\u201d<\/strong><\/p>\n\n\n\n<p style=\"font-size:30px\">\ud83d\udc49 Sen de aram\u0131za kat\u0131l, enerjini y\u00fckselt, hayat\u0131na g\u00fc\u00e7 ve disiplin kat!<\/p>\n","protected":false},"excerpt":{"rendered":"<p>G\u00fcc\u00fcn\u00fcz\u00fc ortaya \u00e7\u0131karmaya, s\u0131n\u0131rlar\u0131n\u0131z\u0131 zorlamaya ve en iyi versiyonunuzu ke\u015ffetmeye haz\u0131r m\u0131s\u0131n\u0131z? Spirit Sports Club olarak sadece bir spor salonu de\u011fil, ayn\u0131 zamanda disiplinin, dayan\u0131kl\u0131l\u0131\u011f\u0131n ve motivasyonun adresiyiz. \u0130ster formda kalmak i\u00e7in fitness, ister d\u00f6v\u00fc\u015f sanatlar\u0131n\u0131n ruhunu ya\u015famak i\u00e7in Muay Thai\u2026 Burada size en uygun program\u0131 bulacaks\u0131n\u0131z. \ud83c\udfcb\ufe0f Fitness ile G\u00fcc\u00fcn\u00fc Ke\u015ffet: Modern ekipmanlar\u0131m\u0131z ve&hellip;&nbsp;<a href=\"https:\/\/spiritsportsclub.com.tr\/\" rel=\"bookmark\"><span class=\"screen-reader-text\">\ud83c\udfcb\ufe0f Spirit Sports Club\u2019a Ho\u015f Geldiniz! \ud83e\udd4a<\/span><\/a><\/p>\n","protected":false},"author":1,"featured_media":0,"parent":0,"menu_order":0,"comment_status":"closed","ping_status":"open","template":"","meta":{"neve_meta_sidebar":"","neve_meta_container":"","neve_meta_enable_content_width":"","neve_meta_content_width":0,"neve_meta_title_alignment":"","neve_meta_author_avatar":"","neve_post_elements_order":"","neve_meta_disable_header":"","neve_meta_disable_footer":"","neve_meta_disable_title":"","_themeisle_gutenberg_block_has_review":false,"_joinchat":[],"footnotes":""},"class_list":["post-2","page","type-page","status-publish","hentry"],"_links":{"self":[{"href":"https:\/\/spiritsportsclub.com.tr\/index.php\/wp-json\/wp\/v2\/pages\/2","targetHints":{"allow":["GET"]}}],"collection":[{"href":"https:\/\/spiritsportsclub.com.tr\/index.php\/wp-json\/wp\/v2\/pages"}],"about":[{"href":"https:\/\/spiritsportsclub.com.tr\/index.php\/wp-json\/wp\/v2\/types\/page"}],"author":[{"embeddable":true,"href":"https:\/\/spiritsportsclub.com.tr\/index.php\/wp-json\/wp\/v2\/users\/1"}],"replies":[{"embeddable":true,"href":"https:\/\/spiritsportsclub.com.tr\/index.php\/wp-json\/wp\/v2\/comments?post=2"}],"version-history":[{"count":9,"href":"https:\/\/spiritsportsclub.com.tr\/index.php\/wp-json\/wp\/v2\/pages\/2\/revisions"}],"predecessor-version":[{"id":58,"href":"https:\/\/spiritsportsclub.com.tr\/index.php\/wp-json\/wp\/v2\/pages\/2\/revisions\/58"}],"wp:attachment":[{"href":"https:\/\/spiritsportsclub.com.tr\/index.php\/wp-json\/wp\/v2\/media?parent=2"}],"curies":[{"name":"wp","href":"https:\/\/api.w.org\/{rel}","templated":true}]}}