{"id":74,"date":"2025-09-24T15:43:12","date_gmt":"2025-09-24T12:43:12","guid":{"rendered":"http:\/\/spiritsportsclub.com.tr\/?page_id=74"},"modified":"2025-12-30T12:24:32","modified_gmt":"2025-12-30T09:24:32","slug":"adres","status":"publish","type":"page","link":"https:\/\/spiritsportsclub.com.tr\/index.php\/adres\/","title":{"rendered":"\u0130leti\u015fim"},"content":{"rendered":"\n<div id=\"wp-block-themeisle-blocks-advanced-columns-456e009a\" class=\"wp-block-themeisle-blocks-advanced-columns has-2-columns has-desktop-equal-layout has-tablet-equal-layout has-mobile-collapsedRows-layout has-vertical-unset\"><div class=\"wp-block-themeisle-blocks-advanced-columns-overlay\"><\/div><div class=\"innerblocks-wrap\">\n<div id=\"wp-block-themeisle-blocks-advanced-column-52ba7d3d\" class=\"wp-block-themeisle-blocks-advanced-column\">\n<p class=\"has-text-align-center has-large-font-size\"><strong>Bize Mesaj\u0131n\u0131z\u0131 \u0130letin.<\/strong><\/p>\n\n\n\n<p class=\"has-text-align-center\">\u0130stedi\u011finiz konuda bizimle ileti\u015fim kurabilirsiniz.<\/p>\n\n\n\n<p class=\"has-text-align-center\">\u0130leti\u015fim tercihlerimiz<\/p>\n\n\n\n<p class=\"has-text-align-center\">Mail, GSM ve Whatsapp olarak g\u00fcncelle<\/p>\n\n\n\n<p class=\"has-text-align-center\"><strong>Side mahallesi , 1607 sokak 25 a\/b, Side, 1607. Sk. 25a D:b, 07330 Manavgat\/Antalya<\/strong><\/p>\n\n\n\n<p class=\"has-text-align-center\"><strong>Tel : 0541 560 01 36<\/strong><\/p>\n\n\n\n<iframe src=\"https:\/\/www.google.com\/maps\/embed?pb=!1m18!1m12!1m3!1d3195.296119762217!2d31.39818281181648!3d36.78744997213497!2m3!1f0!2f0!3f0!3m2!1i1024!2i768!4f13.1!3m3!1m2!1s0x14c3599ff7711e73%3A0x8a207ac589c106ff!2sSpirit%20Fitness%20Club!5e0!3m2!1str!2str!4v1758717658723!5m2!1str!2str\" width=\"600\" height=\"450\" style=\"border:0;\" allowfullscreen=\"\" loading=\"lazy\" referrerpolicy=\"no-referrer-when-downgrade\"><\/iframe>\n<\/div>\n\n\n\n<div id=\"wp-block-themeisle-blocks-advanced-column-9e61174f\" class=\"wp-block-themeisle-blocks-advanced-column\">\n<div class=\"wpcf7 no-js\" id=\"wpcf7-f111-o1\" lang=\"tr-TR\" dir=\"ltr\" data-wpcf7-id=\"111\">\n<div class=\"screen-reader-response\"><p role=\"status\" aria-live=\"polite\" aria-atomic=\"true\"><\/p> <ul><\/ul><\/div>\n<form action=\"\/index.php\/wp-json\/wp\/v2\/pages\/74#wpcf7-f111-o1\" method=\"post\" class=\"wpcf7-form init\" aria-label=\"\u0130leti\u015fim Formu\" novalidate=\"novalidate\" data-status=\"init\">\n<fieldset class=\"hidden-fields-container\"><input type=\"hidden\" name=\"_wpcf7\" value=\"111\" \/><input type=\"hidden\" name=\"_wpcf7_version\" value=\"6.1.4\" \/><input type=\"hidden\" name=\"_wpcf7_locale\" value=\"tr_TR\" \/><input type=\"hidden\" name=\"_wpcf7_unit_tag\" value=\"wpcf7-f111-o1\" \/><input type=\"hidden\" name=\"_wpcf7_container_post\" value=\"0\" \/><input type=\"hidden\" name=\"_wpcf7_posted_data_hash\" value=\"\" \/>\n<\/fieldset>\n<p><label> <b>\n\t\t\t<center>Ad\u0131n\u0131z Soyad\u0131n\u0131z\n\t\t\t<\/center><br \/>\n\t\t\t<center><span class=\"wpcf7-form-control-wrap\" data-name=\"your-name\"><input size=\"40\" maxlength=\"400\" class=\"wpcf7-form-control wpcf7-text wpcf7-validates-as-required\" autocomplete=\"name\" aria-required=\"true\" aria-invalid=\"false\" value=\"\" type=\"text\" name=\"your-name\" \/><\/span>\n\t\t\t<\/center><\/b><\/label><br \/>\n<label> <b>\n\t\t\t<center>E-posta adresiniz\n\t\t\t<\/center><br \/>\n<span class=\"wpcf7-form-control-wrap\" data-name=\"your-email\"><input size=\"40\" maxlength=\"400\" class=\"wpcf7-form-control wpcf7-email wpcf7-validates-as-required wpcf7-text wpcf7-validates-as-email\" autocomplete=\"email\" aria-required=\"true\" aria-invalid=\"false\" value=\"\" type=\"email\" name=\"your-email\" \/><\/span> <\/b><\/label><br \/>\n<label> <b>\n\t\t\t<center> Telefon Numaran\u0131z\n\t\t\t<\/center><br \/>\n<span class=\"wpcf7-form-control-wrap\" data-name=\"tel-537\"><input size=\"40\" maxlength=\"11\" class=\"wpcf7-form-control wpcf7-tel wpcf7-validates-as-required wpcf7-text wpcf7-validates-as-tel\" autocomplete=\"tel\" aria-required=\"true\" aria-invalid=\"false\" value=\"\" type=\"tel\" name=\"tel-537\" \/><\/span> <\/b><\/label><br \/>\n<label> <b>\n\t\t\t<center> Konu\n\t\t\t<\/center><br \/>\n<span class=\"wpcf7-form-control-wrap\" data-name=\"your-subject\"><input size=\"40\" maxlength=\"400\" class=\"wpcf7-form-control wpcf7-text wpcf7-validates-as-required\" aria-required=\"true\" aria-invalid=\"false\" value=\"\" type=\"text\" name=\"your-subject\" \/><\/span> <\/b><\/label><br \/>\n<label> <b>\n\t\t\t<center>\u0130letiniz (tercihe ba\u011fl\u0131)\n\t\t\t<\/center><br \/>\n<span class=\"wpcf7-form-control-wrap\" data-name=\"your-message\"><textarea cols=\"40\" rows=\"10\" maxlength=\"2000\" class=\"wpcf7-form-control wpcf7-textarea\" aria-invalid=\"false\" name=\"your-message\"><\/textarea><\/span> <\/b><\/label><br \/>\n\t<center><input class=\"wpcf7-form-control wpcf7-submit has-spinner\" type=\"submit\" value=\"G\u00f6nder\" \/>\n\t<\/center>\n<\/p><div class=\"wpcf7-response-output\" aria-hidden=\"true\"><\/div>\n<\/form>\n<\/div>\n\n<\/div>\n<\/div><\/div>\n\n\n\n<p><\/p>\n","protected":false},"excerpt":{"rendered":"","protected":false},"author":1,"featured_media":0,"parent":0,"menu_order":0,"comment_status":"closed","ping_status":"closed","template":"","meta":{"neve_meta_sidebar":"","neve_meta_container":"","neve_meta_enable_content_width":"","neve_meta_content_width":0,"neve_meta_title_alignment":"","neve_meta_author_avatar":"","neve_post_elements_order":"","neve_meta_disable_header":"","neve_meta_disable_footer":"","neve_meta_disable_title":"","_themeisle_gutenberg_block_has_review":false,"_joinchat":[],"footnotes":""},"class_list":["post-74","page","type-page","status-publish","hentry"],"_links":{"self":[{"href":"https:\/\/spiritsportsclub.com.tr\/index.php\/wp-json\/wp\/v2\/pages\/74","targetHints":{"allow":["GET"]}}],"collection":[{"href":"https:\/\/spiritsportsclub.com.tr\/index.php\/wp-json\/wp\/v2\/pages"}],"about":[{"href":"https:\/\/spiritsportsclub.com.tr\/index.php\/wp-json\/wp\/v2\/types\/page"}],"author":[{"embeddable":true,"href":"https:\/\/spiritsportsclub.com.tr\/index.php\/wp-json\/wp\/v2\/users\/1"}],"replies":[{"embeddable":true,"href":"https:\/\/spiritsportsclub.com.tr\/index.php\/wp-json\/wp\/v2\/comments?post=74"}],"version-history":[{"count":17,"href":"https:\/\/spiritsportsclub.com.tr\/index.php\/wp-json\/wp\/v2\/pages\/74\/revisions"}],"predecessor-version":[{"id":131,"href":"https:\/\/spiritsportsclub.com.tr\/index.php\/wp-json\/wp\/v2\/pages\/74\/revisions\/131"}],"wp:attachment":[{"href":"https:\/\/spiritsportsclub.com.tr\/index.php\/wp-json\/wp\/v2\/media?parent=74"}],"curies":[{"name":"wp","href":"https:\/\/api.w.org\/{rel}","templated":true}]}}